{"id":12,"date":"2023-02-25T18:40:54","date_gmt":"2023-02-25T18:40:54","guid":{"rendered":"https:\/\/moutonsnoirs.fr\/?page_id=12"},"modified":"2023-06-09T16:40:16","modified_gmt":"2023-06-09T16:40:16","slug":"accueil","status":"publish","type":"page","link":"https:\/\/moutonsnoirs.fr\/","title":{"rendered":"Accueil"},"content":{"rendered":"\t\t<div data-elementor-type=\"wp-page\" data-elementor-id=\"12\" class=\"elementor elementor-12\">\n\t\t\t\t\t\t\t\t\t<section class=\"elementor-section elementor-top-section elementor-element elementor-element-ceb8a8d elementor-section-boxed elementor-section-height-default elementor-section-height-default\" data-id=\"ceb8a8d\" data-element_type=\"section\">\n\t\t\t\t\t\t<div class=\"elementor-container elementor-column-gap-default\">\n\t\t\t\t\t<div class=\"elementor-column elementor-col-100 elementor-top-column elementor-element elementor-element-6ff9509\" data-id=\"6ff9509\" data-element_type=\"column\">\n\t\t\t<div class=\"elementor-widget-wrap elementor-element-populated\">\n\t\t\t\t\t\t\t\t<div class=\"elementor-element elementor-element-a5c85e1 elementor-widget elementor-widget-heading\" data-id=\"a5c85e1\" data-element_type=\"widget\" data-widget_type=\"heading.default\">\n\t\t\t\t<div class=\"elementor-widget-container\">\n\t\t\t<style>\/*! elementor - v3.11.3 - 07-03-2023 *\/\n.elementor-heading-title{padding:0;margin:0;line-height:1}.elementor-widget-heading .elementor-heading-title[class*=elementor-size-]>a{color:inherit;font-size:inherit;line-height:inherit}.elementor-widget-heading .elementor-heading-title.elementor-size-small{font-size:15px}.elementor-widget-heading .elementor-heading-title.elementor-size-medium{font-size:19px}.elementor-widget-heading .elementor-heading-title.elementor-size-large{font-size:29px}.elementor-widget-heading .elementor-heading-title.elementor-size-xl{font-size:39px}.elementor-widget-heading .elementor-heading-title.elementor-size-xxl{font-size:59px}<\/style><h2 class=\"elementor-heading-title elementor-size-default\">MOUTONS NOIRS<\/h2>\t\t<\/div>\n\t\t\t\t<\/div>\n\t\t\t\t\t<\/div>\n\t\t<\/div>\n\t\t\t\t\t\t\t<\/div>\n\t\t<\/section>\n\t\t\t\t<section class=\"elementor-section elementor-top-section elementor-element elementor-element-2a6db53 elementor-section-boxed elementor-section-height-default elementor-section-height-default\" data-id=\"2a6db53\" data-element_type=\"section\">\n\t\t\t\t\t\t<div class=\"elementor-container elementor-column-gap-default\">\n\t\t\t\t\t<div class=\"elementor-column elementor-col-100 elementor-top-column elementor-element elementor-element-d3cbbe2\" data-id=\"d3cbbe2\" data-element_type=\"column\">\n\t\t\t<div class=\"elementor-widget-wrap elementor-element-populated\">\n\t\t\t\t\t\t\t\t<div class=\"elementor-element elementor-element-5b12666 elementor-widget elementor-widget-heading\" data-id=\"5b12666\" data-element_type=\"widget\" data-widget_type=\"heading.default\">\n\t\t\t\t<div class=\"elementor-widget-container\">\n\t\t\t<h2 class=\"elementor-heading-title elementor-size-default\">L\u2019entretien \u00e9cologique\nde vos espaces verts<\/h2>\t\t<\/div>\n\t\t\t\t<\/div>\n\t\t\t\t\t<\/div>\n\t\t<\/div>\n\t\t\t\t\t\t\t<\/div>\n\t\t<\/section>\n\t\t\t\t<section class=\"elementor-section elementor-top-section elementor-element elementor-element-30cac95 elementor-section-boxed elementor-section-height-default elementor-section-height-default\" data-id=\"30cac95\" data-element_type=\"section\" data-settings=\"{&quot;background_background&quot;:&quot;classic&quot;}\">\n\t\t\t\t\t\t<div class=\"elementor-container elementor-column-gap-default\">\n\t\t\t\t\t<div class=\"elementor-column elementor-col-100 elementor-top-column elementor-element elementor-element-148849c\" data-id=\"148849c\" data-element_type=\"column\">\n\t\t\t<div class=\"elementor-widget-wrap elementor-element-populated\">\n\t\t\t\t\t\t\t\t<div class=\"elementor-element elementor-element-f7eb7aa elementor-widget elementor-widget-image\" data-id=\"f7eb7aa\" data-element_type=\"widget\" data-widget_type=\"image.default\">\n\t\t\t\t<div class=\"elementor-widget-container\">\n\t\t\t<style>\/*! elementor - v3.11.3 - 07-03-2023 *\/\n.elementor-widget-image{text-align:center}.elementor-widget-image a{display:inline-block}.elementor-widget-image a img[src$=\".svg\"]{width:48px}.elementor-widget-image img{vertical-align:middle;display:inline-block}<\/style>\t\t\t\t\t\t\t\t\t\t\t\t<img decoding=\"async\" width=\"2560\" height=\"1707\" src=\"https:\/\/moutonsnoirs.fr\/wp-content\/uploads\/2023\/02\/Moutonsnoirs_NLefebure-scaled.jpg\" class=\"attachment-full size-full wp-image-9\" alt=\"\" loading=\"lazy\" srcset=\"https:\/\/moutonsnoirs.fr\/wp-content\/uploads\/2023\/02\/Moutonsnoirs_NLefebure-scaled.jpg 2560w, https:\/\/moutonsnoirs.fr\/wp-content\/uploads\/2023\/02\/Moutonsnoirs_NLefebure-300x200.jpg 300w, https:\/\/moutonsnoirs.fr\/wp-content\/uploads\/2023\/02\/Moutonsnoirs_NLefebure-1024x683.jpg 1024w, https:\/\/moutonsnoirs.fr\/wp-content\/uploads\/2023\/02\/Moutonsnoirs_NLefebure-768x512.jpg 768w, https:\/\/moutonsnoirs.fr\/wp-content\/uploads\/2023\/02\/Moutonsnoirs_NLefebure-1536x1024.jpg 1536w, https:\/\/moutonsnoirs.fr\/wp-content\/uploads\/2023\/02\/Moutonsnoirs_NLefebure-2048x1365.jpg 2048w\" sizes=\"(max-width: 2560px) 100vw, 2560px\" \/>\t\t\t\t\t\t\t\t\t\t\t\t\t\t\t<\/div>\n\t\t\t\t<\/div>\n\t\t\t\t\t<\/div>\n\t\t<\/div>\n\t\t\t\t\t\t\t<\/div>\n\t\t<\/section>\n\t\t\t\t<section class=\"elementor-section elementor-top-section elementor-element elementor-element-c3ff330 elementor-section-boxed elementor-section-height-default elementor-section-height-default\" data-id=\"c3ff330\" data-element_type=\"section\">\n\t\t\t\t\t\t<div class=\"elementor-container elementor-column-gap-default\">\n\t\t\t\t\t<div class=\"elementor-column elementor-col-20 elementor-top-column elementor-element elementor-element-45ee553\" data-id=\"45ee553\" data-element_type=\"column\">\n\t\t\t<div class=\"elementor-widget-wrap\">\n\t\t\t\t\t\t\t\t\t<\/div>\n\t\t<\/div>\n\t\t\t\t<div class=\"elementor-column elementor-col-20 elementor-top-column elementor-element elementor-element-4dbe86c\" data-id=\"4dbe86c\" data-element_type=\"column\">\n\t\t\t<div class=\"elementor-widget-wrap\">\n\t\t\t\t\t\t\t\t\t<\/div>\n\t\t<\/div>\n\t\t\t\t<div class=\"elementor-column elementor-col-20 elementor-top-column elementor-element elementor-element-5ccabe1\" data-id=\"5ccabe1\" data-element_type=\"column\">\n\t\t\t<div class=\"elementor-widget-wrap\">\n\t\t\t\t\t\t\t\t\t<\/div>\n\t\t<\/div>\n\t\t\t\t<div class=\"elementor-column elementor-col-20 elementor-top-column elementor-element elementor-element-02e4976\" data-id=\"02e4976\" data-element_type=\"column\">\n\t\t\t<div class=\"elementor-widget-wrap\">\n\t\t\t\t\t\t\t\t\t<\/div>\n\t\t<\/div>\n\t\t\t\t<div class=\"elementor-column elementor-col-20 elementor-top-column elementor-element elementor-element-3ef8fa5\" data-id=\"3ef8fa5\" data-element_type=\"column\">\n\t\t\t<div class=\"elementor-widget-wrap\">\n\t\t\t\t\t\t\t\t\t<\/div>\n\t\t<\/div>\n\t\t\t\t\t\t\t<\/div>\n\t\t<\/section>\n\t\t\t\t\t\t\t<\/div>\n\t\t","protected":false},"excerpt":{"rendered":"<p>MOUTONS NOIRS L\u2019entretien \u00e9cologique de vos espaces verts<\/p>\n","protected":false},"author":1,"featured_media":251,"parent":0,"menu_order":0,"comment_status":"closed","ping_status":"closed","template":"","meta":{"site-sidebar-layout":"default","site-content-layout":"default","ast-global-header-display":"","ast-main-header-display":"","ast-hfb-above-header-display":"","ast-hfb-below-header-display":"","ast-hfb-mobile-header-display":"","site-post-title":"","ast-breadcrumbs-content":"","ast-featured-img":"","footer-sml-layout":"","theme-transparent-header-meta":"","adv-header-id-meta":"","stick-header-meta":"","header-above-stick-meta":"","header-main-stick-meta":"","header-below-stick-meta":""},"yoast_head":"<!-- This site is optimized with the Yoast SEO plugin v20.8 - https:\/\/yoast.com\/wordpress\/plugins\/seo\/ -->\n<title>Moutons noirs<\/title>\n<meta name=\"description\" content=\"L&#039;entretien \u00e9cologique de vos espaces verts gr\u00e2ce \u00e0 l&#039;\u00e9co-p\u00e2turage. Moutons noirs : une solution qui favorise la biodiversit\u00e9 et qui participe \u00e0 la sauvegarde de races ovines bretonnes menac\u00e9es.\" \/>\n<meta name=\"robots\" content=\"index, follow, max-snippet:-1, max-image-preview:large, max-video-preview:-1\" \/>\n<link rel=\"canonical\" href=\"https:\/\/moutonsnoirs.fr\/\" \/>\n<meta property=\"og:locale\" content=\"fr_FR\" \/>\n<meta property=\"og:type\" content=\"article\" \/>\n<meta property=\"og:title\" content=\"Moutons noirs\" \/>\n<meta property=\"og:description\" content=\"L&#039;entretien \u00e9cologique de vos espaces verts gr\u00e2ce \u00e0 l&#039;\u00e9co-p\u00e2turage. Moutons noirs : une solution qui favorise la biodiversit\u00e9 et qui participe \u00e0 la sauvegarde de races ovines bretonnes menac\u00e9es.\" \/>\n<meta property=\"og:url\" content=\"https:\/\/moutonsnoirs.fr\/\" \/>\n<meta property=\"og:site_name\" content=\"Moutons noirs\" \/>\n<meta property=\"article:publisher\" content=\"https:\/\/www.facebook.com\/lesmoutonsnoirsdenico35\" \/>\n<meta property=\"article:modified_time\" content=\"2023-06-09T16:40:16+00:00\" \/>\n<meta property=\"og:image\" content=\"http:\/\/moutonsnoirs.fr\/wp-content\/uploads\/2023\/02\/MoutonsNoirs_logo_petit-e1677429722144.png\" \/>\n\t<meta property=\"og:image:width\" content=\"200\" \/>\n\t<meta property=\"og:image:height\" content=\"99\" \/>\n\t<meta property=\"og:image:type\" content=\"image\/png\" \/>\n<meta name=\"twitter:card\" content=\"summary_large_image\" \/>\n<meta name=\"twitter:label1\" content=\"Dur\u00e9e de lecture estim\u00e9e\" \/>\n\t<meta name=\"twitter:data1\" content=\"1 minute\" \/>\n<script type=\"application\/ld+json\" class=\"yoast-schema-graph\">{\"@context\":\"https:\/\/schema.org\",\"@graph\":[{\"@type\":\"WebPage\",\"@id\":\"https:\/\/moutonsnoirs.fr\/\",\"url\":\"https:\/\/moutonsnoirs.fr\/\",\"name\":\"Moutons noirs\",\"isPartOf\":{\"@id\":\"https:\/\/moutonsnoirs.fr\/#website\"},\"datePublished\":\"2023-02-25T18:40:54+00:00\",\"dateModified\":\"2023-06-09T16:40:16+00:00\",\"description\":\"L'entretien \u00e9cologique de vos espaces verts gr\u00e2ce \u00e0 l'\u00e9co-p\u00e2turage. Moutons noirs : une solution qui favorise la biodiversit\u00e9 et qui participe \u00e0 la sauvegarde de races ovines bretonnes menac\u00e9es.\",\"breadcrumb\":{\"@id\":\"https:\/\/moutonsnoirs.fr\/#breadcrumb\"},\"inLanguage\":\"fr-FR\",\"potentialAction\":[{\"@type\":\"ReadAction\",\"target\":[\"https:\/\/moutonsnoirs.fr\/\"]}]},{\"@type\":\"BreadcrumbList\",\"@id\":\"https:\/\/moutonsnoirs.fr\/#breadcrumb\",\"itemListElement\":[{\"@type\":\"ListItem\",\"position\":1,\"name\":\"Accueil\",\"item\":\"https:\/\/moutonsnoirs.fr\/\"},{\"@type\":\"ListItem\",\"position\":2,\"name\":\"Accueil\"}]},{\"@type\":\"WebSite\",\"@id\":\"https:\/\/moutonsnoirs.fr\/#website\",\"url\":\"https:\/\/moutonsnoirs.fr\/\",\"name\":\"Moutons noirs\",\"description\":\"L&#039;entretien \u00e9cologique de vos espaces verts gr\u00e2ce \u00e0 l&#039;\u00e9co-paturage\",\"publisher\":{\"@id\":\"https:\/\/moutonsnoirs.fr\/#organization\"},\"potentialAction\":[{\"@type\":\"SearchAction\",\"target\":{\"@type\":\"EntryPoint\",\"urlTemplate\":\"https:\/\/moutonsnoirs.fr\/?s={search_term_string}\"},\"query-input\":\"required name=search_term_string\"}],\"inLanguage\":\"fr-FR\"},{\"@type\":\"Organization\",\"@id\":\"https:\/\/moutonsnoirs.fr\/#organization\",\"name\":\"Moutons noirs\",\"alternateName\":\"Nicolas Lefebure\",\"url\":\"https:\/\/moutonsnoirs.fr\/\",\"logo\":{\"@type\":\"ImageObject\",\"inLanguage\":\"fr-FR\",\"@id\":\"https:\/\/moutonsnoirs.fr\/#\/schema\/logo\/image\/\",\"url\":\"https:\/\/moutonsnoirs.fr\/wp-content\/uploads\/2023\/02\/MoutonsNoirs_logo_petit-e1677429722144.png\",\"contentUrl\":\"https:\/\/moutonsnoirs.fr\/wp-content\/uploads\/2023\/02\/MoutonsNoirs_logo_petit-e1677429722144.png\",\"width\":200,\"height\":99,\"caption\":\"Moutons noirs\"},\"image\":{\"@id\":\"https:\/\/moutonsnoirs.fr\/#\/schema\/logo\/image\/\"},\"sameAs\":[\"https:\/\/www.facebook.com\/lesmoutonsnoirsdenico35\"]}]}<\/script>\n<!-- \/ Yoast SEO plugin. -->","yoast_head_json":{"title":"Moutons noirs","description":"L'entretien \u00e9cologique de vos espaces verts gr\u00e2ce \u00e0 l'\u00e9co-p\u00e2turage. Moutons noirs : une solution qui favorise la biodiversit\u00e9 et qui participe \u00e0 la sauvegarde de races ovines bretonnes menac\u00e9es.","robots":{"index":"index","follow":"follow","max-snippet":"max-snippet:-1","max-image-preview":"max-image-preview:large","max-video-preview":"max-video-preview:-1"},"canonical":"https:\/\/moutonsnoirs.fr\/","og_locale":"fr_FR","og_type":"article","og_title":"Moutons noirs","og_description":"L'entretien \u00e9cologique de vos espaces verts gr\u00e2ce \u00e0 l'\u00e9co-p\u00e2turage. Moutons noirs : une solution qui favorise la biodiversit\u00e9 et qui participe \u00e0 la sauvegarde de races ovines bretonnes menac\u00e9es.","og_url":"https:\/\/moutonsnoirs.fr\/","og_site_name":"Moutons noirs","article_publisher":"https:\/\/www.facebook.com\/lesmoutonsnoirsdenico35","article_modified_time":"2023-06-09T16:40:16+00:00","og_image":[{"width":200,"height":99,"url":"http:\/\/moutonsnoirs.fr\/wp-content\/uploads\/2023\/02\/MoutonsNoirs_logo_petit-e1677429722144.png","type":"image\/png"}],"twitter_card":"summary_large_image","twitter_misc":{"Dur\u00e9e de lecture estim\u00e9e":"1 minute"},"schema":{"@context":"https:\/\/schema.org","@graph":[{"@type":"WebPage","@id":"https:\/\/moutonsnoirs.fr\/","url":"https:\/\/moutonsnoirs.fr\/","name":"Moutons noirs","isPartOf":{"@id":"https:\/\/moutonsnoirs.fr\/#website"},"datePublished":"2023-02-25T18:40:54+00:00","dateModified":"2023-06-09T16:40:16+00:00","description":"L'entretien \u00e9cologique de vos espaces verts gr\u00e2ce \u00e0 l'\u00e9co-p\u00e2turage. Moutons noirs : une solution qui favorise la biodiversit\u00e9 et qui participe \u00e0 la sauvegarde de races ovines bretonnes menac\u00e9es.","breadcrumb":{"@id":"https:\/\/moutonsnoirs.fr\/#breadcrumb"},"inLanguage":"fr-FR","potentialAction":[{"@type":"ReadAction","target":["https:\/\/moutonsnoirs.fr\/"]}]},{"@type":"BreadcrumbList","@id":"https:\/\/moutonsnoirs.fr\/#breadcrumb","itemListElement":[{"@type":"ListItem","position":1,"name":"Accueil","item":"https:\/\/moutonsnoirs.fr\/"},{"@type":"ListItem","position":2,"name":"Accueil"}]},{"@type":"WebSite","@id":"https:\/\/moutonsnoirs.fr\/#website","url":"https:\/\/moutonsnoirs.fr\/","name":"Moutons noirs","description":"L&#039;entretien \u00e9cologique de vos espaces verts gr\u00e2ce \u00e0 l&#039;\u00e9co-paturage","publisher":{"@id":"https:\/\/moutonsnoirs.fr\/#organization"},"potentialAction":[{"@type":"SearchAction","target":{"@type":"EntryPoint","urlTemplate":"https:\/\/moutonsnoirs.fr\/?s={search_term_string}"},"query-input":"required name=search_term_string"}],"inLanguage":"fr-FR"},{"@type":"Organization","@id":"https:\/\/moutonsnoirs.fr\/#organization","name":"Moutons noirs","alternateName":"Nicolas Lefebure","url":"https:\/\/moutonsnoirs.fr\/","logo":{"@type":"ImageObject","inLanguage":"fr-FR","@id":"https:\/\/moutonsnoirs.fr\/#\/schema\/logo\/image\/","url":"https:\/\/moutonsnoirs.fr\/wp-content\/uploads\/2023\/02\/MoutonsNoirs_logo_petit-e1677429722144.png","contentUrl":"https:\/\/moutonsnoirs.fr\/wp-content\/uploads\/2023\/02\/MoutonsNoirs_logo_petit-e1677429722144.png","width":200,"height":99,"caption":"Moutons noirs"},"image":{"@id":"https:\/\/moutonsnoirs.fr\/#\/schema\/logo\/image\/"},"sameAs":["https:\/\/www.facebook.com\/lesmoutonsnoirsdenico35"]}]}},"_links":{"self":[{"href":"https:\/\/moutonsnoirs.fr\/index.php?rest_route=\/wp\/v2\/pages\/12"}],"collection":[{"href":"https:\/\/moutonsnoirs.fr\/index.php?rest_route=\/wp\/v2\/pages"}],"about":[{"href":"https:\/\/moutonsnoirs.fr\/index.php?rest_route=\/wp\/v2\/types\/page"}],"author":[{"embeddable":true,"href":"https:\/\/moutonsnoirs.fr\/index.php?rest_route=\/wp\/v2\/users\/1"}],"replies":[{"embeddable":true,"href":"https:\/\/moutonsnoirs.fr\/index.php?rest_route=%2Fwp%2Fv2%2Fcomments&post=12"}],"version-history":[{"count":123,"href":"https:\/\/moutonsnoirs.fr\/index.php?rest_route=\/wp\/v2\/pages\/12\/revisions"}],"predecessor-version":[{"id":599,"href":"https:\/\/moutonsnoirs.fr\/index.php?rest_route=\/wp\/v2\/pages\/12\/revisions\/599"}],"wp:featuredmedia":[{"embeddable":true,"href":"https:\/\/moutonsnoirs.fr\/index.php?rest_route=\/wp\/v2\/media\/251"}],"wp:attachment":[{"href":"https:\/\/moutonsnoirs.fr\/index.php?rest_route=%2Fwp%2Fv2%2Fmedia&parent=12"}],"curies":[{"name":"wp","href":"https:\/\/api.w.org\/{rel}","templated":true}]}}