{"id":314,"date":"2023-02-26T16:31:35","date_gmt":"2023-02-26T16:31:35","guid":{"rendered":"https:\/\/moutonsnoirs.fr\/?page_id=314"},"modified":"2023-06-09T16:00:26","modified_gmt":"2023-06-09T16:00:26","slug":"contact","status":"publish","type":"page","link":"https:\/\/moutonsnoirs.fr\/?page_id=314","title":{"rendered":"Contact"},"content":{"rendered":"\t\t<div data-elementor-type=\"wp-page\" data-elementor-id=\"314\" class=\"elementor elementor-314\">\n\t\t\t\t\t\t\t\t\t<section class=\"elementor-section elementor-top-section elementor-element elementor-element-9b47c78 elementor-section-boxed elementor-section-height-default elementor-section-height-default\" data-id=\"9b47c78\" data-element_type=\"section\">\n\t\t\t\t\t\t<div class=\"elementor-container elementor-column-gap-default\">\n\t\t\t\t\t<div class=\"elementor-column elementor-col-100 elementor-top-column elementor-element elementor-element-7fbf1c5\" data-id=\"7fbf1c5\" data-element_type=\"column\">\n\t\t\t<div class=\"elementor-widget-wrap elementor-element-populated\">\n\t\t\t\t\t\t\t\t<div class=\"elementor-element elementor-element-163b44d elementor-widget elementor-widget-heading\" data-id=\"163b44d\" data-element_type=\"widget\" data-widget_type=\"heading.default\">\n\t\t\t\t<div class=\"elementor-widget-container\">\n\t\t\t<style>\/*! elementor - v3.11.3 - 07-03-2023 *\/\n.elementor-heading-title{padding:0;margin:0;line-height:1}.elementor-widget-heading .elementor-heading-title[class*=elementor-size-]>a{color:inherit;font-size:inherit;line-height:inherit}.elementor-widget-heading .elementor-heading-title.elementor-size-small{font-size:15px}.elementor-widget-heading .elementor-heading-title.elementor-size-medium{font-size:19px}.elementor-widget-heading .elementor-heading-title.elementor-size-large{font-size:29px}.elementor-widget-heading .elementor-heading-title.elementor-size-xl{font-size:39px}.elementor-widget-heading .elementor-heading-title.elementor-size-xxl{font-size:59px}<\/style><h2 class=\"elementor-heading-title elementor-size-default\"><h2 data-elementor-setting-key=\"title\" data-pen-placeholder=\"\u00c9crivez ici...\" style=\"font-style: normal; font-weight: var( --e-global-typography-primary-font-weight ); font-family: var( --e-global-typography-primary-font-family ), Sans-serif; text-align: center;\"><br><\/h2><span style=\"font-weight: var( --e-global-typography-primary-font-weight ); text-align: center; color: rgb(19, 155, 70); font-family: Rubik, sans-serif; font-size: 52px; background-color: var(--ast-global-color-5);\">CONTACT<\/span><\/h2>\t\t<\/div>\n\t\t\t\t<\/div>\n\t\t\t\t\t<\/div>\n\t\t<\/div>\n\t\t\t\t\t\t\t<\/div>\n\t\t<\/section>\n\t\t\t\t<section class=\"elementor-section elementor-top-section elementor-element elementor-element-77a235a elementor-section-boxed elementor-section-height-default elementor-section-height-default\" data-id=\"77a235a\" data-element_type=\"section\">\n\t\t\t\t\t\t<div class=\"elementor-container elementor-column-gap-default\">\n\t\t\t\t\t<div class=\"elementor-column elementor-col-100 elementor-top-column elementor-element elementor-element-58fe187\" data-id=\"58fe187\" data-element_type=\"column\">\n\t\t\t<div class=\"elementor-widget-wrap elementor-element-populated\">\n\t\t\t\t\t\t\t\t<div class=\"elementor-element elementor-element-f2fb6d3 elementor-widget elementor-widget-wpforms\" data-id=\"f2fb6d3\" data-element_type=\"widget\" data-widget_type=\"wpforms.default\">\n\t\t\t\t<div class=\"elementor-widget-container\">\n\t\t\t<div class=\"wpforms-container wpforms-container-full\" id=\"wpforms-309\"><form id=\"wpforms-form-309\" class=\"wpforms-validate wpforms-form wpforms-ajax-form\" data-formid=\"309\" method=\"post\" enctype=\"multipart\/form-data\" action=\"\/index.php?rest_route=%2Fwp%2Fv2%2Fpages%2F314\" data-token=\"ad7719e2e1f9270f6d8bd80218b3f1b6\"><noscript class=\"wpforms-error-noscript\">Veuillez activer JavaScript dans votre navigateur pour remplir ce formulaire.<\/noscript><div class=\"wpforms-field-container\"><div id=\"wpforms-309-field_0-container\" class=\"wpforms-field wpforms-field-name\" data-field-id=\"0\"><label class=\"wpforms-field-label\" for=\"wpforms-309-field_0\">Nom <span class=\"wpforms-required-label\">*<\/span><\/label><div class=\"wpforms-field-row wpforms-field-medium\"><div class=\"wpforms-field-row-block wpforms-first wpforms-one-half\"><input type=\"text\" id=\"wpforms-309-field_0\" class=\"wpforms-field-name-first wpforms-field-required\" name=\"wpforms[fields][0][first]\" required><label for=\"wpforms-309-field_0\" class=\"wpforms-field-sublabel after \">Pr\u00e9nom<\/label><\/div><div class=\"wpforms-field-row-block wpforms-one-half\"><input type=\"text\" id=\"wpforms-309-field_0-last\" class=\"wpforms-field-name-last wpforms-field-required\" name=\"wpforms[fields][0][last]\" required><label for=\"wpforms-309-field_0-last\" class=\"wpforms-field-sublabel after \">Nom<\/label><\/div><\/div><\/div><div id=\"wpforms-309-field_1-container\" class=\"wpforms-field wpforms-field-email\" data-field-id=\"1\"><label class=\"wpforms-field-label\" for=\"wpforms-309-field_1\">E-mail <span class=\"wpforms-required-label\">*<\/span><\/label><input type=\"email\" id=\"wpforms-309-field_1\" class=\"wpforms-field-medium wpforms-field-required\" name=\"wpforms[fields][1]\" required><\/div><div id=\"wpforms-309-field_2-container\" class=\"wpforms-field wpforms-field-textarea\" data-field-id=\"2\"><label class=\"wpforms-field-label\" for=\"wpforms-309-field_2\">Commentaire ou message<\/label><textarea id=\"wpforms-309-field_2\" class=\"wpforms-field-medium\" name=\"wpforms[fields][2]\" ><\/textarea><\/div><\/div><div class=\"wpforms-submit-container\"><input type=\"hidden\" name=\"wpforms[id]\" value=\"309\"><input type=\"hidden\" name=\"wpforms[author]\" value=\"1\"><button type=\"submit\" name=\"wpforms[submit]\" id=\"wpforms-submit-309\" class=\"wpforms-submit\" data-alt-text=\"Envoi...\" data-submit-text=\"Envoyer\" aria-live=\"assertive\" value=\"wpforms-submit\">Envoyer<\/button><img decoding=\"async\" loading=\"lazy\" src=\"https:\/\/moutonsnoirs.fr\/wp-content\/plugins\/wpforms-lite\/assets\/images\/submit-spin.svg\" class=\"wpforms-submit-spinner\" style=\"display: none;\" width=\"26\" height=\"26\" alt=\"Chargement en cours\"><\/div><\/form><\/div>  <!-- .wpforms-container -->\t\t<\/div>\n\t\t\t\t<\/div>\n\t\t\t\t\t<\/div>\n\t\t<\/div>\n\t\t\t\t\t\t\t<\/div>\n\t\t<\/section>\n\t\t\t\t<section class=\"elementor-section elementor-top-section elementor-element elementor-element-03927fc elementor-section-boxed elementor-section-height-default elementor-section-height-default\" data-id=\"03927fc\" data-element_type=\"section\">\n\t\t\t\t\t\t<div class=\"elementor-container elementor-column-gap-default\">\n\t\t\t\t\t<div class=\"elementor-column elementor-col-33 elementor-top-column elementor-element elementor-element-808f9e6\" data-id=\"808f9e6\" data-element_type=\"column\">\n\t\t\t<div class=\"elementor-widget-wrap elementor-element-populated\">\n\t\t\t\t\t\t\t\t<div class=\"elementor-element elementor-element-2800362 elementor-view-default elementor-widget elementor-widget-icon\" data-id=\"2800362\" data-element_type=\"widget\" data-widget_type=\"icon.default\">\n\t\t\t\t<div class=\"elementor-widget-container\">\n\t\t\t\t\t<div class=\"elementor-icon-wrapper\">\n\t\t\t<a class=\"elementor-icon\" href=\"https:\/\/www.facebook.com\/lesmoutonsnoirsdenico35\" target=\"_blank\">\n\t\t\t<i aria-hidden=\"true\" class=\"fab fa-facebook-square\"><\/i>\t\t\t<\/a>\n\t\t<\/div>\n\t\t\t\t<\/div>\n\t\t\t\t<\/div>\n\t\t\t\t\t<\/div>\n\t\t<\/div>\n\t\t\t\t<div class=\"elementor-column elementor-col-33 elementor-top-column elementor-element elementor-element-527a064\" data-id=\"527a064\" data-element_type=\"column\">\n\t\t\t<div class=\"elementor-widget-wrap\">\n\t\t\t\t\t\t\t\t\t<\/div>\n\t\t<\/div>\n\t\t\t\t<div class=\"elementor-column elementor-col-33 elementor-top-column elementor-element elementor-element-a1c333f\" data-id=\"a1c333f\" data-element_type=\"column\">\n\t\t\t<div class=\"elementor-widget-wrap\">\n\t\t\t\t\t\t\t\t\t<\/div>\n\t\t<\/div>\n\t\t\t\t\t\t\t<\/div>\n\t\t<\/section>\n\t\t\t\t\t\t\t<\/div>\n\t\t","protected":false},"excerpt":{"rendered":"<p>CONTACT<\/p>\n","protected":false},"author":1,"featured_media":0,"parent":0,"menu_order":0,"comment_status":"closed","ping_status":"closed","template":"","meta":{"site-sidebar-layout":"no-sidebar","site-content-layout":"page-builder","ast-global-header-display":"","ast-main-header-display":"","ast-hfb-above-header-display":"","ast-hfb-below-header-display":"","ast-hfb-mobile-header-display":"","site-post-title":"disabled","ast-breadcrumbs-content":"","ast-featured-img":"disabled","footer-sml-layout":"","theme-transparent-header-meta":"","adv-header-id-meta":"","stick-header-meta":"","header-above-stick-meta":"","header-main-stick-meta":"","header-below-stick-meta":""},"yoast_head":"<!-- This site is optimized with the Yoast SEO plugin v20.8 - https:\/\/yoast.com\/wordpress\/plugins\/seo\/ -->\n<title>Contact - Moutons noirs<\/title>\n<meta name=\"robots\" content=\"index, follow, max-snippet:-1, max-image-preview:large, max-video-preview:-1\" \/>\n<link rel=\"canonical\" href=\"https:\/\/moutonsnoirs.fr\/?page_id=314\" \/>\n<meta property=\"og:locale\" content=\"fr_FR\" \/>\n<meta property=\"og:type\" content=\"article\" \/>\n<meta property=\"og:title\" content=\"Contact - Moutons noirs\" \/>\n<meta property=\"og:description\" content=\"CONTACT\" \/>\n<meta property=\"og:url\" content=\"https:\/\/moutonsnoirs.fr\/?page_id=314\" \/>\n<meta property=\"og:site_name\" content=\"Moutons noirs\" \/>\n<meta property=\"article:publisher\" content=\"https:\/\/www.facebook.com\/lesmoutonsnoirsdenico35\" \/>\n<meta property=\"article:modified_time\" content=\"2023-06-09T16:00:26+00:00\" \/>\n<meta property=\"og:image\" content=\"https:\/\/moutonsnoirs.fr\/wp-content\/uploads\/2023\/02\/MoutonsNoirs_logo_petit-e1677429722144.png\" \/>\n\t<meta property=\"og:image:width\" content=\"200\" \/>\n\t<meta property=\"og:image:height\" content=\"99\" \/>\n\t<meta property=\"og:image:type\" content=\"image\/png\" \/>\n<meta name=\"twitter:card\" content=\"summary_large_image\" \/>\n<script type=\"application\/ld+json\" class=\"yoast-schema-graph\">{\"@context\":\"https:\/\/schema.org\",\"@graph\":[{\"@type\":\"WebPage\",\"@id\":\"https:\/\/moutonsnoirs.fr\/?page_id=314\",\"url\":\"https:\/\/moutonsnoirs.fr\/?page_id=314\",\"name\":\"Contact - Moutons noirs\",\"isPartOf\":{\"@id\":\"https:\/\/moutonsnoirs.fr\/#website\"},\"datePublished\":\"2023-02-26T16:31:35+00:00\",\"dateModified\":\"2023-06-09T16:00:26+00:00\",\"breadcrumb\":{\"@id\":\"https:\/\/moutonsnoirs.fr\/?page_id=314#breadcrumb\"},\"inLanguage\":\"fr-FR\",\"potentialAction\":[{\"@type\":\"ReadAction\",\"target\":[\"https:\/\/moutonsnoirs.fr\/?page_id=314\"]}]},{\"@type\":\"BreadcrumbList\",\"@id\":\"https:\/\/moutonsnoirs.fr\/?page_id=314#breadcrumb\",\"itemListElement\":[{\"@type\":\"ListItem\",\"position\":1,\"name\":\"Accueil\",\"item\":\"https:\/\/moutonsnoirs.fr\/\"},{\"@type\":\"ListItem\",\"position\":2,\"name\":\"Contact\"}]},{\"@type\":\"WebSite\",\"@id\":\"https:\/\/moutonsnoirs.fr\/#website\",\"url\":\"https:\/\/moutonsnoirs.fr\/\",\"name\":\"Moutons noirs\",\"description\":\"L&#039;entretien \u00e9cologique de vos espaces verts gr\u00e2ce \u00e0 l&#039;\u00e9co-paturage\",\"publisher\":{\"@id\":\"https:\/\/moutonsnoirs.fr\/#organization\"},\"potentialAction\":[{\"@type\":\"SearchAction\",\"target\":{\"@type\":\"EntryPoint\",\"urlTemplate\":\"https:\/\/moutonsnoirs.fr\/?s={search_term_string}\"},\"query-input\":\"required name=search_term_string\"}],\"inLanguage\":\"fr-FR\"},{\"@type\":\"Organization\",\"@id\":\"https:\/\/moutonsnoirs.fr\/#organization\",\"name\":\"Moutons noirs\",\"alternateName\":\"Nicolas Lefebure\",\"url\":\"https:\/\/moutonsnoirs.fr\/\",\"logo\":{\"@type\":\"ImageObject\",\"inLanguage\":\"fr-FR\",\"@id\":\"https:\/\/moutonsnoirs.fr\/#\/schema\/logo\/image\/\",\"url\":\"https:\/\/moutonsnoirs.fr\/wp-content\/uploads\/2023\/02\/MoutonsNoirs_logo_petit-e1677429722144.png\",\"contentUrl\":\"https:\/\/moutonsnoirs.fr\/wp-content\/uploads\/2023\/02\/MoutonsNoirs_logo_petit-e1677429722144.png\",\"width\":200,\"height\":99,\"caption\":\"Moutons noirs\"},\"image\":{\"@id\":\"https:\/\/moutonsnoirs.fr\/#\/schema\/logo\/image\/\"},\"sameAs\":[\"https:\/\/www.facebook.com\/lesmoutonsnoirsdenico35\"]}]}<\/script>\n<!-- \/ Yoast SEO plugin. -->","yoast_head_json":{"title":"Contact - Moutons noirs","robots":{"index":"index","follow":"follow","max-snippet":"max-snippet:-1","max-image-preview":"max-image-preview:large","max-video-preview":"max-video-preview:-1"},"canonical":"https:\/\/moutonsnoirs.fr\/?page_id=314","og_locale":"fr_FR","og_type":"article","og_title":"Contact - Moutons noirs","og_description":"CONTACT","og_url":"https:\/\/moutonsnoirs.fr\/?page_id=314","og_site_name":"Moutons noirs","article_publisher":"https:\/\/www.facebook.com\/lesmoutonsnoirsdenico35","article_modified_time":"2023-06-09T16:00:26+00:00","og_image":[{"width":200,"height":99,"url":"https:\/\/moutonsnoirs.fr\/wp-content\/uploads\/2023\/02\/MoutonsNoirs_logo_petit-e1677429722144.png","type":"image\/png"}],"twitter_card":"summary_large_image","schema":{"@context":"https:\/\/schema.org","@graph":[{"@type":"WebPage","@id":"https:\/\/moutonsnoirs.fr\/?page_id=314","url":"https:\/\/moutonsnoirs.fr\/?page_id=314","name":"Contact - Moutons noirs","isPartOf":{"@id":"https:\/\/moutonsnoirs.fr\/#website"},"datePublished":"2023-02-26T16:31:35+00:00","dateModified":"2023-06-09T16:00:26+00:00","breadcrumb":{"@id":"https:\/\/moutonsnoirs.fr\/?page_id=314#breadcrumb"},"inLanguage":"fr-FR","potentialAction":[{"@type":"ReadAction","target":["https:\/\/moutonsnoirs.fr\/?page_id=314"]}]},{"@type":"BreadcrumbList","@id":"https:\/\/moutonsnoirs.fr\/?page_id=314#breadcrumb","itemListElement":[{"@type":"ListItem","position":1,"name":"Accueil","item":"https:\/\/moutonsnoirs.fr\/"},{"@type":"ListItem","position":2,"name":"Contact"}]},{"@type":"WebSite","@id":"https:\/\/moutonsnoirs.fr\/#website","url":"https:\/\/moutonsnoirs.fr\/","name":"Moutons noirs","description":"L&#039;entretien \u00e9cologique de vos espaces verts gr\u00e2ce \u00e0 l&#039;\u00e9co-paturage","publisher":{"@id":"https:\/\/moutonsnoirs.fr\/#organization"},"potentialAction":[{"@type":"SearchAction","target":{"@type":"EntryPoint","urlTemplate":"https:\/\/moutonsnoirs.fr\/?s={search_term_string}"},"query-input":"required name=search_term_string"}],"inLanguage":"fr-FR"},{"@type":"Organization","@id":"https:\/\/moutonsnoirs.fr\/#organization","name":"Moutons noirs","alternateName":"Nicolas Lefebure","url":"https:\/\/moutonsnoirs.fr\/","logo":{"@type":"ImageObject","inLanguage":"fr-FR","@id":"https:\/\/moutonsnoirs.fr\/#\/schema\/logo\/image\/","url":"https:\/\/moutonsnoirs.fr\/wp-content\/uploads\/2023\/02\/MoutonsNoirs_logo_petit-e1677429722144.png","contentUrl":"https:\/\/moutonsnoirs.fr\/wp-content\/uploads\/2023\/02\/MoutonsNoirs_logo_petit-e1677429722144.png","width":200,"height":99,"caption":"Moutons noirs"},"image":{"@id":"https:\/\/moutonsnoirs.fr\/#\/schema\/logo\/image\/"},"sameAs":["https:\/\/www.facebook.com\/lesmoutonsnoirsdenico35"]}]}},"_links":{"self":[{"href":"https:\/\/moutonsnoirs.fr\/index.php?rest_route=\/wp\/v2\/pages\/314"}],"collection":[{"href":"https:\/\/moutonsnoirs.fr\/index.php?rest_route=\/wp\/v2\/pages"}],"about":[{"href":"https:\/\/moutonsnoirs.fr\/index.php?rest_route=\/wp\/v2\/types\/page"}],"author":[{"embeddable":true,"href":"https:\/\/moutonsnoirs.fr\/index.php?rest_route=\/wp\/v2\/users\/1"}],"replies":[{"embeddable":true,"href":"https:\/\/moutonsnoirs.fr\/index.php?rest_route=%2Fwp%2Fv2%2Fcomments&post=314"}],"version-history":[{"count":33,"href":"https:\/\/moutonsnoirs.fr\/index.php?rest_route=\/wp\/v2\/pages\/314\/revisions"}],"predecessor-version":[{"id":584,"href":"https:\/\/moutonsnoirs.fr\/index.php?rest_route=\/wp\/v2\/pages\/314\/revisions\/584"}],"wp:attachment":[{"href":"https:\/\/moutonsnoirs.fr\/index.php?rest_route=%2Fwp%2Fv2%2Fmedia&parent=314"}],"curies":[{"name":"wp","href":"https:\/\/api.w.org\/{rel}","templated":true}]}}