{"id":75,"date":"2023-02-26T12:41:23","date_gmt":"2023-02-26T12:41:23","guid":{"rendered":"https:\/\/moutonsnoirs.fr\/?page_id=75"},"modified":"2023-03-10T09:11:37","modified_gmt":"2023-03-10T09:11:37","slug":"qui-suis-je","status":"publish","type":"page","link":"https:\/\/moutonsnoirs.fr\/?page_id=75","title":{"rendered":"Qui suis-je ?"},"content":{"rendered":"\t\t<div data-elementor-type=\"wp-page\" data-elementor-id=\"75\" class=\"elementor elementor-75\">\n\t\t\t\t\t\t\t\t\t<section class=\"elementor-section elementor-top-section elementor-element elementor-element-6b01a89 elementor-section-boxed elementor-section-height-default elementor-section-height-default\" data-id=\"6b01a89\" data-element_type=\"section\">\n\t\t\t\t\t\t<div class=\"elementor-container elementor-column-gap-default\">\n\t\t\t\t\t<div class=\"elementor-column elementor-col-100 elementor-top-column elementor-element elementor-element-00f00da\" data-id=\"00f00da\" data-element_type=\"column\">\n\t\t\t<div class=\"elementor-widget-wrap elementor-element-populated\">\n\t\t\t\t\t\t\t\t<div class=\"elementor-element elementor-element-ff6ba9e elementor-widget elementor-widget-heading\" data-id=\"ff6ba9e\" data-element_type=\"widget\" data-widget_type=\"heading.default\">\n\t\t\t\t<div class=\"elementor-widget-container\">\n\t\t\t<style>\/*! elementor - v3.11.3 - 07-03-2023 *\/\n.elementor-heading-title{padding:0;margin:0;line-height:1}.elementor-widget-heading .elementor-heading-title[class*=elementor-size-]>a{color:inherit;font-size:inherit;line-height:inherit}.elementor-widget-heading .elementor-heading-title.elementor-size-small{font-size:15px}.elementor-widget-heading .elementor-heading-title.elementor-size-medium{font-size:19px}.elementor-widget-heading .elementor-heading-title.elementor-size-large{font-size:29px}.elementor-widget-heading .elementor-heading-title.elementor-size-xl{font-size:39px}.elementor-widget-heading .elementor-heading-title.elementor-size-xxl{font-size:59px}<\/style><h2 class=\"elementor-heading-title elementor-size-default\">QUI SUIS-JE ?<\/h2>\t\t<\/div>\n\t\t\t\t<\/div>\n\t\t\t\t\t<\/div>\n\t\t<\/div>\n\t\t\t\t\t\t\t<\/div>\n\t\t<\/section>\n\t\t\t\t<section class=\"elementor-section elementor-top-section elementor-element elementor-element-d4fed92 elementor-section-boxed elementor-section-height-default elementor-section-height-default\" data-id=\"d4fed92\" data-element_type=\"section\">\n\t\t\t\t\t\t<div class=\"elementor-container elementor-column-gap-default\">\n\t\t\t\t\t\t\t\t<\/div>\n\t\t<\/section>\n\t\t\t\t<section class=\"elementor-section elementor-top-section elementor-element elementor-element-281b06a elementor-section-boxed elementor-section-height-default elementor-section-height-default\" data-id=\"281b06a\" data-element_type=\"section\">\n\t\t\t\t\t\t<div class=\"elementor-container elementor-column-gap-default\">\n\t\t\t\t\t\t\t\t<\/div>\n\t\t<\/section>\n\t\t\t\t<section class=\"elementor-section elementor-top-section elementor-element elementor-element-ec81582 elementor-section-boxed elementor-section-height-default elementor-section-height-default\" data-id=\"ec81582\" data-element_type=\"section\">\n\t\t\t\t\t\t<div class=\"elementor-container elementor-column-gap-default\">\n\t\t\t\t\t\t\t\t<\/div>\n\t\t<\/section>\n\t\t\t\t<section class=\"elementor-section elementor-top-section elementor-element elementor-element-ef0efca elementor-section-boxed elementor-section-height-default elementor-section-height-default\" data-id=\"ef0efca\" data-element_type=\"section\">\n\t\t\t\t\t\t<div class=\"elementor-container elementor-column-gap-default\">\n\t\t\t\t\t\t\t\t<\/div>\n\t\t<\/section>\n\t\t\t\t<section class=\"elementor-section elementor-top-section elementor-element elementor-element-e15d2a0 elementor-section-boxed elementor-section-height-default elementor-section-height-default\" data-id=\"e15d2a0\" data-element_type=\"section\">\n\t\t\t\t\t\t<div class=\"elementor-container elementor-column-gap-default\">\n\t\t\t\t\t\t\t\t<\/div>\n\t\t<\/section>\n\t\t\t\t<section class=\"elementor-section elementor-top-section elementor-element elementor-element-bfe5036 elementor-section-boxed elementor-section-height-default elementor-section-height-default\" data-id=\"bfe5036\" data-element_type=\"section\">\n\t\t\t\t\t\t<div class=\"elementor-container elementor-column-gap-default\">\n\t\t\t\t\t\t\t\t<\/div>\n\t\t<\/section>\n\t\t\t\t<section class=\"elementor-section elementor-top-section elementor-element elementor-element-b1800b8 elementor-section-boxed elementor-section-height-default elementor-section-height-default\" data-id=\"b1800b8\" data-element_type=\"section\">\n\t\t\t\t\t\t<div class=\"elementor-container elementor-column-gap-default\">\n\t\t\t\t\t\t\t\t<\/div>\n\t\t<\/section>\n\t\t\t\t<section class=\"elementor-section elementor-top-section elementor-element elementor-element-034ff4c elementor-section-boxed elementor-section-height-default elementor-section-height-default\" data-id=\"034ff4c\" data-element_type=\"section\">\n\t\t\t\t\t\t<div class=\"elementor-container elementor-column-gap-default\">\n\t\t\t\t\t\t\t\t<\/div>\n\t\t<\/section>\n\t\t\t\t<section class=\"elementor-section elementor-top-section elementor-element elementor-element-f394628 elementor-section-boxed elementor-section-height-default elementor-section-height-default\" data-id=\"f394628\" data-element_type=\"section\">\n\t\t\t\t\t\t<div class=\"elementor-container elementor-column-gap-default\">\n\t\t\t\t\t\t\t\t<\/div>\n\t\t<\/section>\n\t\t\t\t<section class=\"elementor-section elementor-top-section elementor-element elementor-element-ebc294c elementor-section-boxed elementor-section-height-default elementor-section-height-default\" data-id=\"ebc294c\" data-element_type=\"section\">\n\t\t\t\t\t\t<div class=\"elementor-container elementor-column-gap-default\">\n\t\t\t\t\t\t\t\t<\/div>\n\t\t<\/section>\n\t\t\t\t<section class=\"elementor-section elementor-top-section elementor-element elementor-element-ce99050 elementor-section-boxed elementor-section-height-default elementor-section-height-default\" data-id=\"ce99050\" data-element_type=\"section\">\n\t\t\t\t\t\t<div class=\"elementor-container elementor-column-gap-default\">\n\t\t\t\t\t<div class=\"elementor-column elementor-col-33 elementor-top-column elementor-element elementor-element-3a24377\" data-id=\"3a24377\" data-element_type=\"column\">\n\t\t\t<div class=\"elementor-widget-wrap elementor-element-populated\">\n\t\t\t\t\t\t\t\t<div class=\"elementor-element elementor-element-6d0e323 elementor-widget elementor-widget-image\" data-id=\"6d0e323\" data-element_type=\"widget\" data-widget_type=\"image.default\">\n\t\t\t\t<div class=\"elementor-widget-container\">\n\t\t\t<style>\/*! elementor - v3.11.3 - 07-03-2023 *\/\n.elementor-widget-image{text-align:center}.elementor-widget-image a{display:inline-block}.elementor-widget-image a img[src$=\".svg\"]{width:48px}.elementor-widget-image img{vertical-align:middle;display:inline-block}<\/style>\t\t\t\t\t\t\t\t\t\t\t\t<img decoding=\"async\" width=\"683\" height=\"1024\" src=\"https:\/\/moutonsnoirs.fr\/wp-content\/uploads\/2023\/02\/Nico1HouatOK-683x1024.jpg\" class=\"attachment-large size-large wp-image-350\" alt=\"Nicolas Lefebure, \u00e9leveur de Ouessant et de Belle-\u00cele, et son Border Collie, Houat\" loading=\"lazy\" srcset=\"https:\/\/moutonsnoirs.fr\/wp-content\/uploads\/2023\/02\/Nico1HouatOK-683x1024.jpg 683w, https:\/\/moutonsnoirs.fr\/wp-content\/uploads\/2023\/02\/Nico1HouatOK-200x300.jpg 200w, https:\/\/moutonsnoirs.fr\/wp-content\/uploads\/2023\/02\/Nico1HouatOK-768x1152.jpg 768w, https:\/\/moutonsnoirs.fr\/wp-content\/uploads\/2023\/02\/Nico1HouatOK.jpg 1000w\" sizes=\"(max-width: 683px) 100vw, 683px\" \/>\t\t\t\t\t\t\t\t\t\t\t\t\t\t\t<\/div>\n\t\t\t\t<\/div>\n\t\t\t\t\t<\/div>\n\t\t<\/div>\n\t\t\t\t<div class=\"elementor-column elementor-col-66 elementor-top-column elementor-element elementor-element-cae6b93\" data-id=\"cae6b93\" data-element_type=\"column\">\n\t\t\t<div class=\"elementor-widget-wrap elementor-element-populated\">\n\t\t\t\t\t\t\t\t<div class=\"elementor-element elementor-element-d15c5ab elementor-widget elementor-widget-text-editor\" data-id=\"d15c5ab\" data-element_type=\"widget\" data-widget_type=\"text-editor.default\">\n\t\t\t\t<div class=\"elementor-widget-container\">\n\t\t\t<style>\/*! elementor - v3.11.3 - 07-03-2023 *\/\n.elementor-widget-text-editor.elementor-drop-cap-view-stacked .elementor-drop-cap{background-color:#818a91;color:#fff}.elementor-widget-text-editor.elementor-drop-cap-view-framed .elementor-drop-cap{color:#818a91;border:3px solid;background-color:transparent}.elementor-widget-text-editor:not(.elementor-drop-cap-view-default) .elementor-drop-cap{margin-top:8px}.elementor-widget-text-editor:not(.elementor-drop-cap-view-default) .elementor-drop-cap-letter{width:1em;height:1em}.elementor-widget-text-editor .elementor-drop-cap{float:left;text-align:center;line-height:1;font-size:50px}.elementor-widget-text-editor .elementor-drop-cap-letter{display:inline-block}<\/style>\t\t\t\t<p class=\"p1\">\u00c9leveur de moutons d\u2019Ouessant depuis plus de 10 ans, je participe \u00e0 la sauvegarde de cette race menac\u00e9e en s\u00e9lectionnant des b\u00e9liers et des brebis conformes aux standard du <a href=\"http:\/\/www.moutons-ouessant.com\" target=\"_blank\" rel=\"noopener\">GEMO<\/a> (Groupement des \u00e9leveurs de moutons d\u2019Ouessant), dont je suis administrateur.<\/p><p class=\"p1\">J\u2019\u00e9l\u00e8ve \u00e9galement en plein air depuis 1 an des moutons de Belle-\u00cele.<br \/>Je suis adh\u00e9rent \u00e0 l\u2019association <a href=\"https:\/\/moutonsdebretagne.fr\" target=\"_blank\" rel=\"noopener\">Denved Ar Vro<\/a> (association Mouton des pays de Bretagne).<\/p><p>Pour m&rsquo;assister dans mon travail, je peux compter sur l\u2019aide de Houat, mon Border Collie.<\/p>\t\t\t\t\t\t<\/div>\n\t\t\t\t<\/div>\n\t\t\t\t\t<\/div>\n\t\t<\/div>\n\t\t\t\t\t\t\t<\/div>\n\t\t<\/section>\n\t\t\t\t<section class=\"elementor-section elementor-top-section elementor-element elementor-element-d5ff5d2 elementor-section-boxed elementor-section-height-default elementor-section-height-default\" data-id=\"d5ff5d2\" data-element_type=\"section\">\n\t\t\t\t\t\t<div class=\"elementor-container elementor-column-gap-default\">\n\t\t\t\t\t<div class=\"elementor-column elementor-col-100 elementor-top-column elementor-element elementor-element-ae529f9\" data-id=\"ae529f9\" data-element_type=\"column\">\n\t\t\t<div class=\"elementor-widget-wrap elementor-element-populated\">\n\t\t\t\t\t\t\t\t<div class=\"elementor-element elementor-element-71c63bc elementor-widget elementor-widget-text-editor\" data-id=\"71c63bc\" data-element_type=\"widget\" data-widget_type=\"text-editor.default\">\n\t\t\t\t<div class=\"elementor-widget-container\">\n\t\t\t\t\t\t\t<p><span style=\"font-style: inherit; font-weight: inherit; background-color: var(--ast-global-color-5);\">Vous pourrez l\u2019apercevoir en plein travail dans cet extrait d\u2019une vid\u00e9o r\u00e9alis\u00e9e par Mutualia<br \/>dont je suis laur\u00e9at du prix\u00a0<\/span><a href=\"https:\/\/www.mutualia.fr\/le-groupe\/actus\/news\/terres-didees-saison-4-decouvrez-les-portraits-videos-des-laureats\" target=\"_blank\" rel=\"noopener\"><span style=\"font-size: 1rem; font-style: inherit; font-weight: inherit; background-color: var(--ast-global-color-5);\">Agriculture &amp; territoires<\/span><\/a><span style=\"font-style: inherit; font-weight: inherit; background-color: var(--ast-global-color-5);\">.<br \/><\/span><\/p>\t\t\t\t\t\t<\/div>\n\t\t\t\t<\/div>\n\t\t\t\t\t<\/div>\n\t\t<\/div>\n\t\t\t\t\t\t\t<\/div>\n\t\t<\/section>\n\t\t\t\t<section class=\"elementor-section elementor-top-section elementor-element elementor-element-833d0f3 elementor-section-boxed elementor-section-height-default elementor-section-height-default\" data-id=\"833d0f3\" data-element_type=\"section\">\n\t\t\t\t\t\t<div class=\"elementor-container elementor-column-gap-default\">\n\t\t\t\t\t<div class=\"elementor-column elementor-col-100 elementor-top-column elementor-element elementor-element-5470a6f\" data-id=\"5470a6f\" data-element_type=\"column\">\n\t\t\t<div class=\"elementor-widget-wrap elementor-element-populated\">\n\t\t\t\t\t\t\t\t<div class=\"elementor-element elementor-element-a4d86c8 elementor-widget elementor-widget-video\" data-id=\"a4d86c8\" data-element_type=\"widget\" data-settings=\"{&quot;video_type&quot;:&quot;hosted&quot;,&quot;controls&quot;:&quot;yes&quot;}\" data-widget_type=\"video.default\">\n\t\t\t\t<div class=\"elementor-widget-container\">\n\t\t\t<style>\/*! elementor - v3.11.3 - 07-03-2023 *\/\n.elementor-widget-video .elementor-widget-container{overflow:hidden;transform:translateZ(0)}.elementor-widget-video .elementor-wrapper iframe,.elementor-widget-video .elementor-wrapper video{height:100%;width:100%;border:none;background-color:#000}.elementor-widget-video .elementor-open-inline .elementor-custom-embed-image-overlay{position:absolute;top:0;left:0;width:100%;height:100%;background-size:cover;background-position:50%}.elementor-widget-video .elementor-custom-embed-image-overlay{cursor:pointer;text-align:center}.elementor-widget-video .elementor-custom-embed-image-overlay:hover .elementor-custom-embed-play i{opacity:1}.elementor-widget-video .elementor-custom-embed-image-overlay img{display:block;width:100%}.elementor-widget-video .e-hosted-video .elementor-video{-o-object-fit:cover;object-fit:cover}.e-con-inner>.elementor-widget-video,.e-con>.elementor-widget-video{width:var(--container-widget-width);--flex-grow:var(--container-widget-flex-grow)}<\/style>\t\t<div class=\"e-hosted-video elementor-wrapper elementor-open-inline\">\n\t\t\t\t\t<video class=\"elementor-video\" src=\"http:\/\/moutonsnoirs.fr\/wp-content\/uploads\/2023\/02\/Video_Troupeau.mp4\" controls=\"\" preload=\"metadata\" controlsList=\"nodownload\"><\/video>\n\t\t\t\t<\/div>\n\t\t\t\t<\/div>\n\t\t\t\t<\/div>\n\t\t\t\t\t<\/div>\n\t\t<\/div>\n\t\t\t\t\t\t\t<\/div>\n\t\t<\/section>\n\t\t\t\t<section class=\"elementor-section elementor-top-section elementor-element elementor-element-e49ceeb elementor-section-boxed elementor-section-height-default elementor-section-height-default\" data-id=\"e49ceeb\" data-element_type=\"section\">\n\t\t\t\t\t\t<div class=\"elementor-container elementor-column-gap-default\">\n\t\t\t\t\t<div class=\"elementor-column elementor-col-100 elementor-top-column elementor-element elementor-element-cee9c60\" data-id=\"cee9c60\" data-element_type=\"column\">\n\t\t\t<div class=\"elementor-widget-wrap elementor-element-populated\">\n\t\t\t\t\t\t\t\t<div class=\"elementor-element elementor-element-950a48c elementor-widget elementor-widget-heading\" data-id=\"950a48c\" data-element_type=\"widget\" data-widget_type=\"heading.default\">\n\t\t\t\t<div class=\"elementor-widget-container\">\n\t\t\t<h2 class=\"elementor-heading-title elementor-size-default\">On parle des Moutons noirs\u2026<\/h2>\t\t<\/div>\n\t\t\t\t<\/div>\n\t\t\t\t\t<\/div>\n\t\t<\/div>\n\t\t\t\t\t\t\t<\/div>\n\t\t<\/section>\n\t\t\t\t<section class=\"elementor-section elementor-top-section elementor-element elementor-element-e1bc33c elementor-section-boxed elementor-section-height-default elementor-section-height-default\" data-id=\"e1bc33c\" data-element_type=\"section\">\n\t\t\t\t\t\t<div class=\"elementor-container elementor-column-gap-default\">\n\t\t\t\t\t<div class=\"elementor-column elementor-col-100 elementor-top-column elementor-element elementor-element-f99cfb5\" data-id=\"f99cfb5\" data-element_type=\"column\">\n\t\t\t<div class=\"elementor-widget-wrap elementor-element-populated\">\n\t\t\t\t\t\t\t\t<div class=\"elementor-element elementor-element-f36ed61 elementor-widget elementor-widget-image\" data-id=\"f36ed61\" data-element_type=\"widget\" data-widget_type=\"image.default\">\n\t\t\t\t<div class=\"elementor-widget-container\">\n\t\t\t\t\t\t\t\t\t\t\t\t\t\t\t<img decoding=\"async\" width=\"1024\" height=\"907\" src=\"https:\/\/moutonsnoirs.fr\/wp-content\/uploads\/2023\/03\/OuestFrance2022_11_02-1024x907.png\" class=\"attachment-large size-large wp-image-432\" alt=\"Article de Ouest-France du 2 novembre 2022\" loading=\"lazy\" srcset=\"https:\/\/moutonsnoirs.fr\/wp-content\/uploads\/2023\/03\/OuestFrance2022_11_02-1024x907.png 1024w, https:\/\/moutonsnoirs.fr\/wp-content\/uploads\/2023\/03\/OuestFrance2022_11_02-300x266.png 300w, https:\/\/moutonsnoirs.fr\/wp-content\/uploads\/2023\/03\/OuestFrance2022_11_02-768x681.png 768w, https:\/\/moutonsnoirs.fr\/wp-content\/uploads\/2023\/03\/OuestFrance2022_11_02.png 1300w\" sizes=\"(max-width: 1024px) 100vw, 1024px\" \/>\t\t\t\t\t\t\t\t\t\t\t\t\t\t\t<\/div>\n\t\t\t\t<\/div>\n\t\t\t\t<div class=\"elementor-element elementor-element-322e540 elementor-widget elementor-widget-text-editor\" data-id=\"322e540\" data-element_type=\"widget\" data-widget_type=\"text-editor.default\">\n\t\t\t\t<div class=\"elementor-widget-container\">\n\t\t\t\t\t\t\t<p><em>Article paru dans Ouest-France le 2 novembre 2022.<\/em><\/p>\t\t\t\t\t\t<\/div>\n\t\t\t\t<\/div>\n\t\t\t\t\t<\/div>\n\t\t<\/div>\n\t\t\t\t\t\t\t<\/div>\n\t\t<\/section>\n\t\t\t\t\t\t\t<\/div>\n\t\t","protected":false},"excerpt":{"rendered":"<p>QUI SUIS-JE ? \u00c9leveur de moutons d\u2019Ouessant depuis plus de 10 ans, je participe \u00e0 la sauvegarde de cette race menac\u00e9e en s\u00e9lectionnant des b\u00e9liers et des brebis conformes aux standard du GEMO (Groupement des \u00e9leveurs de moutons d\u2019Ouessant), dont je suis administrateur. J\u2019\u00e9l\u00e8ve \u00e9galement en plein air depuis 1 an des moutons de Belle-\u00cele.Je &hellip;<\/p>\n<p class=\"read-more\"> <a class=\"\" href=\"https:\/\/moutonsnoirs.fr\/?page_id=75\"> <span class=\"screen-reader-text\">Qui suis-je ?<\/span> Lire la suite\u00a0\u00bb<\/a><\/p>\n","protected":false},"author":1,"featured_media":0,"parent":0,"menu_order":0,"comment_status":"closed","ping_status":"closed","template":"","meta":{"site-sidebar-layout":"no-sidebar","site-content-layout":"page-builder","ast-global-header-display":"","ast-main-header-display":"","ast-hfb-above-header-display":"","ast-hfb-below-header-display":"","ast-hfb-mobile-header-display":"","site-post-title":"disabled","ast-breadcrumbs-content":"","ast-featured-img":"disabled","footer-sml-layout":"","theme-transparent-header-meta":"","adv-header-id-meta":"","stick-header-meta":"","header-above-stick-meta":"","header-main-stick-meta":"","header-below-stick-meta":""},"yoast_head":"<!-- This site is optimized with the Yoast SEO plugin v20.8 - https:\/\/yoast.com\/wordpress\/plugins\/seo\/ -->\n<title>Qui suis-je ? - Moutons noirs<\/title>\n<meta name=\"robots\" content=\"index, follow, max-snippet:-1, max-image-preview:large, max-video-preview:-1\" \/>\n<link rel=\"canonical\" href=\"https:\/\/moutonsnoirs.fr\/?page_id=75\" \/>\n<meta property=\"og:locale\" content=\"fr_FR\" \/>\n<meta property=\"og:type\" content=\"article\" \/>\n<meta property=\"og:title\" content=\"Qui suis-je ? - Moutons noirs\" \/>\n<meta property=\"og:description\" content=\"QUI SUIS-JE ? \u00c9leveur de moutons d\u2019Ouessant depuis plus de 10 ans, je participe \u00e0 la sauvegarde de cette race menac\u00e9e en s\u00e9lectionnant des b\u00e9liers et des brebis conformes aux standard du GEMO (Groupement des \u00e9leveurs de moutons d\u2019Ouessant), dont je suis administrateur. J\u2019\u00e9l\u00e8ve \u00e9galement en plein air depuis 1 an des moutons de Belle-\u00cele.Je &hellip; Qui suis-je ? Lire la suite\u00a0\u00bb\" \/>\n<meta property=\"og:url\" content=\"https:\/\/moutonsnoirs.fr\/?page_id=75\" \/>\n<meta property=\"og:site_name\" content=\"Moutons noirs\" \/>\n<meta property=\"article:publisher\" content=\"https:\/\/www.facebook.com\/lesmoutonsnoirsdenico35\" \/>\n<meta property=\"article:modified_time\" content=\"2023-03-10T09:11:37+00:00\" \/>\n<meta property=\"og:image\" content=\"http:\/\/moutonsnoirs.fr\/wp-content\/uploads\/2023\/02\/Nico1HouatOK-683x1024.jpg\" \/>\n<meta name=\"twitter:card\" content=\"summary_large_image\" \/>\n<meta name=\"twitter:label1\" content=\"Dur\u00e9e de lecture estim\u00e9e\" \/>\n\t<meta name=\"twitter:data1\" content=\"1 minute\" \/>\n<script type=\"application\/ld+json\" class=\"yoast-schema-graph\">{\"@context\":\"https:\/\/schema.org\",\"@graph\":[{\"@type\":\"WebPage\",\"@id\":\"https:\/\/moutonsnoirs.fr\/?page_id=75\",\"url\":\"https:\/\/moutonsnoirs.fr\/?page_id=75\",\"name\":\"Qui suis-je ? - Moutons noirs\",\"isPartOf\":{\"@id\":\"https:\/\/moutonsnoirs.fr\/#website\"},\"datePublished\":\"2023-02-26T12:41:23+00:00\",\"dateModified\":\"2023-03-10T09:11:37+00:00\",\"breadcrumb\":{\"@id\":\"https:\/\/moutonsnoirs.fr\/?page_id=75#breadcrumb\"},\"inLanguage\":\"fr-FR\",\"potentialAction\":[{\"@type\":\"ReadAction\",\"target\":[\"https:\/\/moutonsnoirs.fr\/?page_id=75\"]}]},{\"@type\":\"BreadcrumbList\",\"@id\":\"https:\/\/moutonsnoirs.fr\/?page_id=75#breadcrumb\",\"itemListElement\":[{\"@type\":\"ListItem\",\"position\":1,\"name\":\"Accueil\",\"item\":\"https:\/\/moutonsnoirs.fr\/\"},{\"@type\":\"ListItem\",\"position\":2,\"name\":\"Qui suis-je ?\"}]},{\"@type\":\"WebSite\",\"@id\":\"https:\/\/moutonsnoirs.fr\/#website\",\"url\":\"https:\/\/moutonsnoirs.fr\/\",\"name\":\"Moutons noirs\",\"description\":\"L&#039;entretien \u00e9cologique de vos espaces verts gr\u00e2ce \u00e0 l&#039;\u00e9co-paturage\",\"publisher\":{\"@id\":\"https:\/\/moutonsnoirs.fr\/#organization\"},\"potentialAction\":[{\"@type\":\"SearchAction\",\"target\":{\"@type\":\"EntryPoint\",\"urlTemplate\":\"https:\/\/moutonsnoirs.fr\/?s={search_term_string}\"},\"query-input\":\"required name=search_term_string\"}],\"inLanguage\":\"fr-FR\"},{\"@type\":\"Organization\",\"@id\":\"https:\/\/moutonsnoirs.fr\/#organization\",\"name\":\"Moutons noirs\",\"alternateName\":\"Nicolas Lefebure\",\"url\":\"https:\/\/moutonsnoirs.fr\/\",\"logo\":{\"@type\":\"ImageObject\",\"inLanguage\":\"fr-FR\",\"@id\":\"https:\/\/moutonsnoirs.fr\/#\/schema\/logo\/image\/\",\"url\":\"https:\/\/moutonsnoirs.fr\/wp-content\/uploads\/2023\/02\/MoutonsNoirs_logo_petit-e1677429722144.png\",\"contentUrl\":\"https:\/\/moutonsnoirs.fr\/wp-content\/uploads\/2023\/02\/MoutonsNoirs_logo_petit-e1677429722144.png\",\"width\":200,\"height\":99,\"caption\":\"Moutons noirs\"},\"image\":{\"@id\":\"https:\/\/moutonsnoirs.fr\/#\/schema\/logo\/image\/\"},\"sameAs\":[\"https:\/\/www.facebook.com\/lesmoutonsnoirsdenico35\"]}]}<\/script>\n<!-- \/ Yoast SEO plugin. -->","yoast_head_json":{"title":"Qui suis-je ? - Moutons noirs","robots":{"index":"index","follow":"follow","max-snippet":"max-snippet:-1","max-image-preview":"max-image-preview:large","max-video-preview":"max-video-preview:-1"},"canonical":"https:\/\/moutonsnoirs.fr\/?page_id=75","og_locale":"fr_FR","og_type":"article","og_title":"Qui suis-je ? - Moutons noirs","og_description":"QUI SUIS-JE ? \u00c9leveur de moutons d\u2019Ouessant depuis plus de 10 ans, je participe \u00e0 la sauvegarde de cette race menac\u00e9e en s\u00e9lectionnant des b\u00e9liers et des brebis conformes aux standard du GEMO (Groupement des \u00e9leveurs de moutons d\u2019Ouessant), dont je suis administrateur. J\u2019\u00e9l\u00e8ve \u00e9galement en plein air depuis 1 an des moutons de Belle-\u00cele.Je &hellip; Qui suis-je ? Lire la suite\u00a0\u00bb","og_url":"https:\/\/moutonsnoirs.fr\/?page_id=75","og_site_name":"Moutons noirs","article_publisher":"https:\/\/www.facebook.com\/lesmoutonsnoirsdenico35","article_modified_time":"2023-03-10T09:11:37+00:00","og_image":[{"url":"http:\/\/moutonsnoirs.fr\/wp-content\/uploads\/2023\/02\/Nico1HouatOK-683x1024.jpg"}],"twitter_card":"summary_large_image","twitter_misc":{"Dur\u00e9e de lecture estim\u00e9e":"1 minute"},"schema":{"@context":"https:\/\/schema.org","@graph":[{"@type":"WebPage","@id":"https:\/\/moutonsnoirs.fr\/?page_id=75","url":"https:\/\/moutonsnoirs.fr\/?page_id=75","name":"Qui suis-je ? - Moutons noirs","isPartOf":{"@id":"https:\/\/moutonsnoirs.fr\/#website"},"datePublished":"2023-02-26T12:41:23+00:00","dateModified":"2023-03-10T09:11:37+00:00","breadcrumb":{"@id":"https:\/\/moutonsnoirs.fr\/?page_id=75#breadcrumb"},"inLanguage":"fr-FR","potentialAction":[{"@type":"ReadAction","target":["https:\/\/moutonsnoirs.fr\/?page_id=75"]}]},{"@type":"BreadcrumbList","@id":"https:\/\/moutonsnoirs.fr\/?page_id=75#breadcrumb","itemListElement":[{"@type":"ListItem","position":1,"name":"Accueil","item":"https:\/\/moutonsnoirs.fr\/"},{"@type":"ListItem","position":2,"name":"Qui suis-je ?"}]},{"@type":"WebSite","@id":"https:\/\/moutonsnoirs.fr\/#website","url":"https:\/\/moutonsnoirs.fr\/","name":"Moutons noirs","description":"L&#039;entretien \u00e9cologique de vos espaces verts gr\u00e2ce \u00e0 l&#039;\u00e9co-paturage","publisher":{"@id":"https:\/\/moutonsnoirs.fr\/#organization"},"potentialAction":[{"@type":"SearchAction","target":{"@type":"EntryPoint","urlTemplate":"https:\/\/moutonsnoirs.fr\/?s={search_term_string}"},"query-input":"required name=search_term_string"}],"inLanguage":"fr-FR"},{"@type":"Organization","@id":"https:\/\/moutonsnoirs.fr\/#organization","name":"Moutons noirs","alternateName":"Nicolas Lefebure","url":"https:\/\/moutonsnoirs.fr\/","logo":{"@type":"ImageObject","inLanguage":"fr-FR","@id":"https:\/\/moutonsnoirs.fr\/#\/schema\/logo\/image\/","url":"https:\/\/moutonsnoirs.fr\/wp-content\/uploads\/2023\/02\/MoutonsNoirs_logo_petit-e1677429722144.png","contentUrl":"https:\/\/moutonsnoirs.fr\/wp-content\/uploads\/2023\/02\/MoutonsNoirs_logo_petit-e1677429722144.png","width":200,"height":99,"caption":"Moutons noirs"},"image":{"@id":"https:\/\/moutonsnoirs.fr\/#\/schema\/logo\/image\/"},"sameAs":["https:\/\/www.facebook.com\/lesmoutonsnoirsdenico35"]}]}},"_links":{"self":[{"href":"https:\/\/moutonsnoirs.fr\/index.php?rest_route=\/wp\/v2\/pages\/75"}],"collection":[{"href":"https:\/\/moutonsnoirs.fr\/index.php?rest_route=\/wp\/v2\/pages"}],"about":[{"href":"https:\/\/moutonsnoirs.fr\/index.php?rest_route=\/wp\/v2\/types\/page"}],"author":[{"embeddable":true,"href":"https:\/\/moutonsnoirs.fr\/index.php?rest_route=\/wp\/v2\/users\/1"}],"replies":[{"embeddable":true,"href":"https:\/\/moutonsnoirs.fr\/index.php?rest_route=%2Fwp%2Fv2%2Fcomments&post=75"}],"version-history":[{"count":75,"href":"https:\/\/moutonsnoirs.fr\/index.php?rest_route=\/wp\/v2\/pages\/75\/revisions"}],"predecessor-version":[{"id":564,"href":"https:\/\/moutonsnoirs.fr\/index.php?rest_route=\/wp\/v2\/pages\/75\/revisions\/564"}],"wp:attachment":[{"href":"https:\/\/moutonsnoirs.fr\/index.php?rest_route=%2Fwp%2Fv2%2Fmedia&parent=75"}],"curies":[{"name":"wp","href":"https:\/\/api.w.org\/{rel}","templated":true}]}}